{"id":78,"date":"2024-04-15T19:30:21","date_gmt":"2024-04-15T19:30:21","guid":{"rendered":"https:\/\/gzs04.zappacorp.com\/?page_id=78"},"modified":"2024-04-18T23:49:09","modified_gmt":"2024-04-18T23:49:09","slug":"formula-e","status":"publish","type":"page","link":"https:\/\/gzs04.zappacorp.com\/index.php\/formula-e\/","title":{"rendered":"F\u00d3RMULA E"},"content":{"rendered":"\n<p><strong>Voc\u00ea conhece a f\u00f3rmula E?<\/strong><\/p>\n\n\n\n<p>F\u00f3rmula E, ou Campeonato Mundial da ABB F\u00f3rmula E da FIA, \u00e9 uma categoria de automobilismo organizada pela FIA com carros monopostos exclusivamente el\u00e9tricos, cuja primeira temporada come\u00e7ou no ano de 2014.<\/p>\n\n\n\n<figure class=\"wp-block-image size-full is-resized\"><img decoding=\"async\" width=\"1000\" height=\"667\" src=\"https:\/\/gzs04.zappacorp.com\/wp-content\/uploads\/2024\/04\/sergio-sette-camara-nio-333-fe.jpg\" alt=\"\" class=\"wp-image-79\" style=\"width:840px;height:auto\" srcset=\"https:\/\/gzs04.zappacorp.com\/wp-content\/uploads\/2024\/04\/sergio-sette-camara-nio-333-fe.jpg 1000w, https:\/\/gzs04.zappacorp.com\/wp-content\/uploads\/2024\/04\/sergio-sette-camara-nio-333-fe-300x200.jpg 300w, https:\/\/gzs04.zappacorp.com\/wp-content\/uploads\/2024\/04\/sergio-sette-camara-nio-333-fe-768x512.jpg 768w\" sizes=\"(max-width: 1000px) 100vw, 1000px\" \/><\/figure>\n\n\n\n<p class=\"has-medium-font-size\"><strong>Especifica\u00e7\u00f5es<\/strong><br><\/p>\n\n\n\n<p>M\u00e1ximo de 10 equipes, 20 pilotos e 40 monopostos at\u00e9 o temporada de 2017-18 quando a partir da temporada seguinte cada equipe era permitida apenas um monoposto por piloto. Houve temporadas com 12 equipes e 24 pilotos. Atualmente s\u00e3o 11 equipes e 22 pilotos.<br>Cada equipe ter\u00e1 2 pilotos e 4 monopostos. Isso ocorreu at\u00e9 a temporada 2017-18. Na temporada seguinte cada equipe manteve os 2 pilotos e passaram a ter 2 monopostos.<br>As corridas acontecer\u00e3o em 10 cidades de todo o mundo.<br>As pistas ser\u00e3o circuitos de rua, com: 2.5 a 3 km de extens\u00e3o.<br>Os monopostos ter\u00e3o acelera\u00e7\u00e3o de de 0 a 100 km\/h em 3 segundos, e uma velocidade m\u00e1xima de 220 km\/h.<br>N\u00edveis de ru\u00eddo em decib\u00e9is: Autom\u00f3vel = 70dB; F\u00f3rmula E = 80dB; \u00d4nibus = 90 dB.<br>As corridas<br>Manh\u00e3: treino livre e depois o treino classificat\u00f3rio.<br>Antes do meio-dia: classifica\u00e7\u00e3o. O primeiro tempo de volta para cada piloto com seus dois monopostos.<br>Tarde: descanso de duas horas para recarga dos carros. Depois, corrida com 3 stints e 2 pit-stops.<br>A parada obrigat\u00f3ria nos boxes implicar\u00e1 na troca de carros: quando a bateria se esgotar, o piloto far\u00e1 uma parada nos boxes, andar\u00e1 100 metros para entrar no carro recarregado. A partir da temporada 2018-19 n\u00e3o teria mais o pit-stop para troca de carros e as corridas passaram a ser executadas com tempo de 45 minutos mais uma volta.<\/p>\n\n\n\n<p><strong>Pontua\u00e7\u00e3o<\/strong><\/p>\n\n\n\n<figure class=\"wp-block-table\"><table><tbody><tr><th>Posi\u00e7\u00e3o<\/th><td>&nbsp;<strong>1\u00ba<\/strong>&nbsp;<\/td><td>&nbsp;<strong>2\u00ba<\/strong>&nbsp;<\/td><td>&nbsp;<strong>3\u00ba<\/strong>&nbsp;<\/td><td>&nbsp;<strong>4\u00ba<\/strong>&nbsp;<\/td><td>&nbsp;<strong>5\u00ba<\/strong>&nbsp;<\/td><td>&nbsp;<strong>6\u00ba<\/strong>&nbsp;<\/td><td>&nbsp;<strong>7\u00ba<\/strong>&nbsp;<\/td><td>&nbsp;<strong>8\u00ba<\/strong>&nbsp;<\/td><td>&nbsp;<strong>9\u00ba<\/strong>&nbsp;<\/td><td>&nbsp;<strong>10\u00ba<\/strong>&nbsp;<\/td><td><strong>Pole<\/strong><\/td><td><strong>FL<\/strong><\/td><\/tr><tr><th>Pontos<\/th><td>25<\/td><td>18<\/td><td>15<\/td><td>12<\/td><td>10<\/td><td>8<\/td><td>6<\/td><td>4<\/td><td>2<\/td><td>1<\/td><td>3<\/td><td>2<\/td><\/tr><\/tbody><\/table><\/figure>\n","protected":false},"excerpt":{"rendered":"<p>Voc\u00ea conhece a f\u00f3rmula E? F\u00f3rmula E, ou Campeonato Mundial da ABB F\u00f3rmula E da FIA, \u00e9 uma categoria de&hellip;<\/p>\n","protected":false},"author":3,"featured_media":82,"parent":0,"menu_order":0,"comment_status":"open","ping_status":"closed","template":"","meta":{"footnotes":""},"_links":{"self":[{"href":"https:\/\/gzs04.zappacorp.com\/index.php\/wp-json\/wp\/v2\/pages\/78"}],"collection":[{"href":"https:\/\/gzs04.zappacorp.com\/index.php\/wp-json\/wp\/v2\/pages"}],"about":[{"href":"https:\/\/gzs04.zappacorp.com\/index.php\/wp-json\/wp\/v2\/types\/page"}],"author":[{"embeddable":true,"href":"https:\/\/gzs04.zappacorp.com\/index.php\/wp-json\/wp\/v2\/users\/3"}],"replies":[{"embeddable":true,"href":"https:\/\/gzs04.zappacorp.com\/index.php\/wp-json\/wp\/v2\/comments?post=78"}],"version-history":[{"count":4,"href":"https:\/\/gzs04.zappacorp.com\/index.php\/wp-json\/wp\/v2\/pages\/78\/revisions"}],"predecessor-version":[{"id":91,"href":"https:\/\/gzs04.zappacorp.com\/index.php\/wp-json\/wp\/v2\/pages\/78\/revisions\/91"}],"wp:featuredmedia":[{"embeddable":true,"href":"https:\/\/gzs04.zappacorp.com\/index.php\/wp-json\/wp\/v2\/media\/82"}],"wp:attachment":[{"href":"https:\/\/gzs04.zappacorp.com\/index.php\/wp-json\/wp\/v2\/media?parent=78"}],"curies":[{"name":"wp","href":"https:\/\/api.w.org\/{rel}","templated":true}]}}