{"id":77,"date":"2024-04-15T19:28:19","date_gmt":"2024-04-15T19:28:19","guid":{"rendered":"https:\/\/gzs04.zappacorp.com\/?page_id=77"},"modified":"2024-04-15T20:23:48","modified_gmt":"2024-04-15T20:23:48","slug":"meta-verso","status":"publish","type":"page","link":"https:\/\/gzs04.zappacorp.com\/index.php\/meta-verso\/","title":{"rendered":"METAVERSO"},"content":{"rendered":"\n<p class=\"has-black-color has-text-color has-link-color wp-elements-4ac42870d640c736cbbc8b6c194b48c3\"><strong>O que seria o Metaverso?<\/strong><\/p>\n\n\n\n<p>Metaverso, \u00e9 um mundo virtual 3D onde as pessoas podem interagir e realizar qualquer atividade \u2014 desde trabalho e compras at\u00e9 lazer \u2014 usando avatares personalizados. O conceito \u00e9 considerado o &#8220;pr\u00f3ximo cap\u00edtulo da Internet&#8221;, mas a ideia de desenvolver ambientes virtuais imersivos n\u00e3o \u00e9 novidade e&nbsp;j\u00e1 foi explorada por jogos como <em>Habbo <\/em>e <em>Second <\/em>Life nos anos 2000. Apesar disso, o termo s\u00f3 ganhou popularidade em 2021, quando <em>Mark Zuckerberg<\/em> anunciou a mudan\u00e7a de nome do Facebook para Meta&nbsp;e deixou claro que, a partir de ent\u00e3o, a empresa teria como principal objetivo construir um metaverso.<\/p>\n\n\n<div class=\"wp-block-image\">\n<figure class=\"aligncenter size-large is-resized\"><img decoding=\"async\" src=\"https:\/\/tm.ibxk.com.br\/2021\/10\/20\/20153523490344.jpg?ims=1280x480\" alt=\"\" style=\"width:675px;height:auto\"\/><\/figure><\/div>\n\n\n<p>Mas a Meta&nbsp;n\u00e3o \u00e9 a \u00fanica empresa interessada no desenvolvimento do universo 3D. Grandes empresas de tecnologia como<em>&nbsp;<a class=\"\" href=\"https:\/\/www.techtudo.com.br\/tudo-sobre\/microsoft\/\">Microsoft<\/a><\/em>&nbsp;e&nbsp;<a class=\"\" href=\"https:\/\/www.techtudo.com.br\/tudo-sobre\/roblox\/\"><em>Roblox<\/em><\/a>&nbsp;tamb\u00e9m est\u00e3o investindo pesado para disputar uma fatia dessa pr\u00f3xima etapa da rede mundial.<\/p>\n\n\n<div class=\"wp-block-image\">\n<figure class=\"aligncenter size-large is-resized\"><img decoding=\"async\" src=\"https:\/\/www.facilitymanagementservices.es\/wp-content\/uploads\/sites\/3\/2022\/06\/metaverso.jpg\" alt=\"\" style=\"width:645px;height:auto\"\/><\/figure><\/div>\n\n\n<figure class=\"wp-block-embed alignwide is-type-wp-embed is-provider-wordpress-tv wp-block-embed-wordpress-tv wp-embed-aspect-16-9 wp-has-aspect-ratio\"><div class=\"wp-block-embed__wrapper\">\n<blockquote class=\"wp-embedded-content\" data-secret=\"E8j79uDfmH\"><a href=\"https:\/\/gzs04.zappacorp.com\/index.php\/energias-sustentaveis\/\">ENERGIAS SUSTENT\u00c1VEIS<\/a><\/blockquote><iframe class=\"wp-embedded-content\" sandbox=\"allow-scripts\" security=\"restricted\" style=\"position: absolute; clip: rect(1px, 1px, 1px, 1px);\" title=\"&#8220;ENERGIAS SUSTENT\u00c1VEIS&#8221; &#8212; \" src=\"https:\/\/gzs04.zappacorp.com\/index.php\/energias-sustentaveis\/embed\/#?secret=vnjjYpDsIi#?secret=E8j79uDfmH\" data-secret=\"E8j79uDfmH\" width=\"600\" height=\"338\" frameborder=\"0\" marginwidth=\"0\" marginheight=\"0\" scrolling=\"no\"><\/iframe>\n<\/div><\/figure>\n","protected":false},"excerpt":{"rendered":"<p>O que seria o Metaverso? Metaverso, \u00e9 um mundo virtual 3D onde as pessoas podem interagir e realizar qualquer atividade&hellip;<\/p>\n","protected":false},"author":2,"featured_media":84,"parent":0,"menu_order":0,"comment_status":"closed","ping_status":"closed","template":"","meta":{"footnotes":""},"_links":{"self":[{"href":"https:\/\/gzs04.zappacorp.com\/index.php\/wp-json\/wp\/v2\/pages\/77"}],"collection":[{"href":"https:\/\/gzs04.zappacorp.com\/index.php\/wp-json\/wp\/v2\/pages"}],"about":[{"href":"https:\/\/gzs04.zappacorp.com\/index.php\/wp-json\/wp\/v2\/types\/page"}],"author":[{"embeddable":true,"href":"https:\/\/gzs04.zappacorp.com\/index.php\/wp-json\/wp\/v2\/users\/2"}],"replies":[{"embeddable":true,"href":"https:\/\/gzs04.zappacorp.com\/index.php\/wp-json\/wp\/v2\/comments?post=77"}],"version-history":[{"count":7,"href":"https:\/\/gzs04.zappacorp.com\/index.php\/wp-json\/wp\/v2\/pages\/77\/revisions"}],"predecessor-version":[{"id":109,"href":"https:\/\/gzs04.zappacorp.com\/index.php\/wp-json\/wp\/v2\/pages\/77\/revisions\/109"}],"wp:featuredmedia":[{"embeddable":true,"href":"https:\/\/gzs04.zappacorp.com\/index.php\/wp-json\/wp\/v2\/media\/84"}],"wp:attachment":[{"href":"https:\/\/gzs04.zappacorp.com\/index.php\/wp-json\/wp\/v2\/media?parent=77"}],"curies":[{"name":"wp","href":"https:\/\/api.w.org\/{rel}","templated":true}]}}