{"id":104,"date":"2024-04-15T20:26:11","date_gmt":"2024-04-15T20:26:11","guid":{"rendered":"https:\/\/gzs04.zappacorp.com\/?page_id=104"},"modified":"2024-04-18T23:49:52","modified_gmt":"2024-04-18T23:49:52","slug":"como-e-a-placa-de-video-rtx-4090","status":"publish","type":"page","link":"https:\/\/gzs04.zappacorp.com\/index.php\/como-e-a-placa-de-video-rtx-4090\/","title":{"rendered":"Como \u00e9 a placa de v\u00eddeo RTX 4090?"},"content":{"rendered":"\n<p class=\"has-black-color has-text-color has-link-color wp-elements-b45da8c8f41c2e1e326edb2254747284\">A\u00a0placa de v\u00eddeo\u00a0RTX\u00a04090\u00a0\u00e9 uma das mais poderosas do mercado atualmente. Desenvolvida pela NVIDIA, ela conta com uma arquitetura Ampere avan\u00e7ada, que oferece desempenho extremamente r\u00e1pido e eficiente em jogos, aplicativos de cria\u00e7\u00e3o de conte\u00fado e outras tarefas exigentes. \u00a0A GPU conta com 16.384 n\u00facleos CUDA, 128 n\u00facleos de Ray Tracing e 512 n\u00facleos Tensor.<\/p>\n\n\n<div class=\"wp-block-image\">\n<figure class=\"aligncenter size-large is-resized\"><img decoding=\"async\" width=\"1200\" height=\"630\" src=\"https:\/\/gzs04.zappacorp.com\/wp-content\/uploads\/2024\/04\/image-1.jpeg\" alt=\"\" class=\"wp-image-111\" style=\"width:566px;height:auto\" srcset=\"https:\/\/gzs04.zappacorp.com\/wp-content\/uploads\/2024\/04\/image-1.jpeg 1200w, https:\/\/gzs04.zappacorp.com\/wp-content\/uploads\/2024\/04\/image-1-300x158.jpeg 300w, https:\/\/gzs04.zappacorp.com\/wp-content\/uploads\/2024\/04\/image-1-1024x538.jpeg 1024w, https:\/\/gzs04.zappacorp.com\/wp-content\/uploads\/2024\/04\/image-1-768x403.jpeg 768w\" sizes=\"(max-width: 1200px) 100vw, 1200px\" \/><\/figure><\/div>\n\n\n<p class=\"has-black-color has-text-color has-link-color wp-elements-4f4b4bcfd5cca0ab5f3007c87ae124fe\">Um teste do site DSOGaming mostra que a GeForce RTX 4090\u00a0<strong>s\u00f3 consegue passar de 60 FPS em 4K com o jogo configurado no preset m\u00ednimo<\/strong>. A RTX 4090 \u00e9 uma GPU, em teoria, feita para rodar jogos em 4K a 60 FPS nativamente. Mas alguns jogos recentemente t\u00eam dado bastante trabalho para a poderosa GPU Ada Lovelace da NVIDIA.<\/p>\n\n\n\n<p class=\"has-black-color has-text-color has-link-color wp-elements-d4ceea4628c044bfc7356de66eb5ef37\">Al\u00e9m disso, s\u00e3o 24 GB de VRAM e um barramento de mem\u00f3ria de 384 bits, o que a torna uma das placas mais poderosas j\u00e1 constru\u00eddas. N\u00e3o \u00e0 toa a unidade da linha da GeForce \u00e9 vista como a placa de v\u00eddeo definitiva para o seu notebook ou PC gamer. A RTX 4090 pode ser comprada por pre\u00e7os que se iniciam em\u00a0R$ 14.729.<\/p>\n","protected":false},"excerpt":{"rendered":"<p>A\u00a0placa de v\u00eddeo\u00a0RTX\u00a04090\u00a0\u00e9 uma das mais poderosas do mercado atualmente. Desenvolvida pela NVIDIA, ela conta com uma arquitetura Ampere avan\u00e7ada,&hellip;<\/p>\n","protected":false},"author":4,"featured_media":0,"parent":0,"menu_order":0,"comment_status":"open","ping_status":"closed","template":"","meta":{"footnotes":""},"_links":{"self":[{"href":"https:\/\/gzs04.zappacorp.com\/index.php\/wp-json\/wp\/v2\/pages\/104"}],"collection":[{"href":"https:\/\/gzs04.zappacorp.com\/index.php\/wp-json\/wp\/v2\/pages"}],"about":[{"href":"https:\/\/gzs04.zappacorp.com\/index.php\/wp-json\/wp\/v2\/types\/page"}],"author":[{"embeddable":true,"href":"https:\/\/gzs04.zappacorp.com\/index.php\/wp-json\/wp\/v2\/users\/4"}],"replies":[{"embeddable":true,"href":"https:\/\/gzs04.zappacorp.com\/index.php\/wp-json\/wp\/v2\/comments?post=104"}],"version-history":[{"count":1,"href":"https:\/\/gzs04.zappacorp.com\/index.php\/wp-json\/wp\/v2\/pages\/104\/revisions"}],"predecessor-version":[{"id":112,"href":"https:\/\/gzs04.zappacorp.com\/index.php\/wp-json\/wp\/v2\/pages\/104\/revisions\/112"}],"wp:attachment":[{"href":"https:\/\/gzs04.zappacorp.com\/index.php\/wp-json\/wp\/v2\/media?parent=104"}],"curies":[{"name":"wp","href":"https:\/\/api.w.org\/{rel}","templated":true}]}}